{"id":1471,"date":"2012-07-06T18:40:58","date_gmt":"2012-07-06T18:40:58","guid":{"rendered":"http:\/\/annasorenson.se\/?page_id=1471"},"modified":"2024-09-27T11:44:19","modified_gmt":"2024-09-27T11:44:19","slug":"work-2012","status":"publish","type":"page","link":"https:\/\/annasorenson.se\/?page_id=1471","title":{"rendered":"Collage and painting, 2012"},"content":{"rendered":"\n<figure class=\"wp-block-image aligncenter\"><a href=\"https:\/\/annasorenson.se\/?attachment_id=1666\" rel=\"attachment wp-att-1666\"><img loading=\"lazy\" decoding=\"async\" width=\"974\" height=\"1024\" src=\"https:\/\/media.annasorenson.se\/2012\/07\/Arbetslo\u0308s-och-vad-a\u0308r-samha\u0308llsnyttan1-974x1024.jpg\" alt=\"\" class=\"wp-image-1666\" srcset=\"https:\/\/media.annasorenson.se\/2012\/07\/Arbetslo\u0308s-och-vad-a\u0308r-samha\u0308llsnyttan1-974x1024.jpg 974w, https:\/\/media.annasorenson.se\/2012\/07\/Arbetslo\u0308s-och-vad-a\u0308r-samha\u0308llsnyttan1-285x300.jpg 285w, https:\/\/media.annasorenson.se\/2012\/07\/Arbetslo\u0308s-och-vad-a\u0308r-samha\u0308llsnyttan1.jpg 1218w\" sizes=\"auto, (max-width: 974px) 100vw, 974px\" \/><\/a><figcaption class=\"wp-element-caption\">Arbetsl\u00f6s och vad \u00e4r samh\u00e4llsnyttan\/ Unemployed, collage and gouache on paper, 113 x 106 cm\/41.5 x 44.5 inches<\/figcaption><\/figure>\n\n\n\n<figure class=\"wp-block-gallery has-nested-images columns-3 is-cropped wp-block-gallery-1 is-layout-flex wp-block-gallery-is-layout-flex\">\n<figure class=\"wp-block-image size-large\"><img loading=\"lazy\" decoding=\"async\" width=\"1024\" height=\"1019\" data-id=\"1681\" src=\"https:\/\/media.annasorenson.se\/2012\/07\/Yellow-investigation-01-1-1024x1019.jpg\" alt=\"\" class=\"wp-image-1681\" srcset=\"https:\/\/media.annasorenson.se\/2012\/07\/Yellow-investigation-01-1-1024x1019.jpg 1024w, https:\/\/media.annasorenson.se\/2012\/07\/Yellow-investigation-01-1-150x150.jpg 150w, https:\/\/media.annasorenson.se\/2012\/07\/Yellow-investigation-01-1-300x298.jpg 300w, https:\/\/media.annasorenson.se\/2012\/07\/Yellow-investigation-01-1.jpg 1286w\" sizes=\"auto, (max-width: 1024px) 100vw, 1024px\" \/><figcaption class=\"wp-element-caption\">Yellow Investigation 01, fabric and watercolor on paper, 113 x 106 cm\/41.5 x 44.5 inches <\/figcaption><\/figure>\n\n\n\n<figure class=\"wp-block-image size-large\"><img loading=\"lazy\" decoding=\"async\" width=\"969\" height=\"1024\" data-id=\"1671\" src=\"https:\/\/media.annasorenson.se\/2012\/07\/Inget-riktigt-jobb1-969x1024.jpg\" alt=\"\" class=\"wp-image-1671\" srcset=\"https:\/\/media.annasorenson.se\/2012\/07\/Inget-riktigt-jobb1-969x1024.jpg 969w, https:\/\/media.annasorenson.se\/2012\/07\/Inget-riktigt-jobb1-284x300.jpg 284w, https:\/\/media.annasorenson.se\/2012\/07\/Inget-riktigt-jobb1.jpg 1212w\" sizes=\"auto, (max-width: 969px) 100vw, 969px\" \/><figcaption class=\"wp-element-caption\">Inget riktigt jobb \/Not a real job, collage and gouache on paper, 113 x 106 cm\/41.5 x 44.5 inches <\/figcaption><\/figure>\n\n\n\n<figure class=\"wp-block-image size-large\"><img loading=\"lazy\" decoding=\"async\" width=\"813\" height=\"1024\" data-id=\"1668\" src=\"https:\/\/media.annasorenson.se\/2012\/07\/Hello2-813x1024.jpg\" alt=\"\" class=\"wp-image-1668\" srcset=\"https:\/\/media.annasorenson.se\/2012\/07\/Hello2-813x1024.jpg 813w, https:\/\/media.annasorenson.se\/2012\/07\/Hello2-238x300.jpg 238w, https:\/\/media.annasorenson.se\/2012\/07\/Hello2.jpg 1017w\" sizes=\"auto, (max-width: 813px) 100vw, 813px\" \/><figcaption class=\"wp-element-caption\">\u201cHello\u201d, watercolor, gouache and fabric on paper, 106 x 113 cm \/41,7 x44,5 inch<\/figcaption><\/figure>\n\n\n\n<figure class=\"wp-block-image size-large\"><img loading=\"lazy\" decoding=\"async\" width=\"748\" height=\"1024\" data-id=\"1669\" src=\"https:\/\/media.annasorenson.se\/2012\/07\/Iliad1-748x1024.jpg\" alt=\"\" class=\"wp-image-1669\" srcset=\"https:\/\/media.annasorenson.se\/2012\/07\/Iliad1-748x1024.jpg 748w, https:\/\/media.annasorenson.se\/2012\/07\/Iliad1-219x300.jpg 219w, https:\/\/media.annasorenson.se\/2012\/07\/Iliad1.jpg 936w\" sizes=\"auto, (max-width: 748px) 100vw, 748px\" \/><figcaption class=\"wp-element-caption\">\u201cIliaden\/Iliad\u201d, plastic and fabric on paper, 52\u00d772 cm\/22\u00d730 inch, 2012 <\/figcaption><\/figure>\n\n\n\n<figure class=\"wp-block-image size-large\"><img loading=\"lazy\" decoding=\"async\" width=\"743\" height=\"1024\" data-id=\"1665\" src=\"https:\/\/media.annasorenson.se\/2012\/07\/12-Feruari-Plast-och-tra\u030ad1-743x1024.jpg\" alt=\"\" class=\"wp-image-1665\" srcset=\"https:\/\/media.annasorenson.se\/2012\/07\/12-Feruari-Plast-och-tra\u030ad1-743x1024.jpg 743w, https:\/\/media.annasorenson.se\/2012\/07\/12-Feruari-Plast-och-tra\u030ad1-217x300.jpg 217w, https:\/\/media.annasorenson.se\/2012\/07\/12-Feruari-Plast-och-tra\u030ad1.jpg 929w\" sizes=\"auto, (max-width: 743px) 100vw, 743px\" \/><figcaption class=\"wp-element-caption\">\u201c12 Februari, plast och tr\u00e5d\u201d, plastic and thread on paper, 52\u00d772 cm\/22\u00d730 inch, 2012 <\/figcaption><\/figure>\n\n\n\n<figure class=\"wp-block-image size-large\"><img loading=\"lazy\" decoding=\"async\" width=\"748\" height=\"1024\" data-id=\"1672\" src=\"https:\/\/media.annasorenson.se\/2012\/07\/Jag-mo\u0308ter-solen1-748x1024.jpg\" alt=\"\" class=\"wp-image-1672\" srcset=\"https:\/\/media.annasorenson.se\/2012\/07\/Jag-mo\u0308ter-solen1-748x1024.jpg 748w, https:\/\/media.annasorenson.se\/2012\/07\/Jag-mo\u0308ter-solen1-219x300.jpg 219w, https:\/\/media.annasorenson.se\/2012\/07\/Jag-mo\u0308ter-solen1.jpg 936w\" sizes=\"auto, (max-width: 748px) 100vw, 748px\" \/><figcaption class=\"wp-element-caption\">Jag m\u00f6ter solen n\u00e4r du l\u00e4mmnar v\u00e4rlden, collage on paper, 56 x 76 cm \/22 x 30 inches <\/figcaption><\/figure>\n\n\n\n<figure class=\"wp-block-image size-large\"><img loading=\"lazy\" decoding=\"async\" width=\"756\" height=\"1024\" data-id=\"1674\" src=\"https:\/\/media.annasorenson.se\/2012\/07\/Meredith-1-756x1024.jpg\" alt=\"\" class=\"wp-image-1674\" srcset=\"https:\/\/media.annasorenson.se\/2012\/07\/Meredith-1-756x1024.jpg 756w, https:\/\/media.annasorenson.se\/2012\/07\/Meredith-1-221x300.jpg 221w, https:\/\/media.annasorenson.se\/2012\/07\/Meredith-1.jpg 945w\" sizes=\"auto, (max-width: 756px) 100vw, 756px\" \/><figcaption class=\"wp-element-caption\">&#8221;Meredith&#8221;, collage on paper, 56 x 76 cm \/22 x 30 inches<\/figcaption><\/figure>\n\n\n\n<figure class=\"wp-block-image size-large\"><img loading=\"lazy\" decoding=\"async\" width=\"743\" height=\"1024\" data-id=\"1675\" src=\"https:\/\/media.annasorenson.se\/2012\/07\/Pink-Exp1-743x1024.jpg\" alt=\"\" class=\"wp-image-1675\" srcset=\"https:\/\/media.annasorenson.se\/2012\/07\/Pink-Exp1-743x1024.jpg 743w, https:\/\/media.annasorenson.se\/2012\/07\/Pink-Exp1-217x300.jpg 217w, https:\/\/media.annasorenson.se\/2012\/07\/Pink-Exp1.jpg 929w\" sizes=\"auto, (max-width: 743px) 100vw, 743px\" \/><figcaption class=\"wp-element-caption\">\u201cEn rosa f\u00f6rklaring\/ Pink explanation\u201d, plastic and watercolor on paper, 52\u00d772 cm\/22\u00d730 inch, 2012 <\/figcaption><\/figure>\n\n\n\n<figure class=\"wp-block-image size-large\"><img loading=\"lazy\" decoding=\"async\" width=\"736\" height=\"1024\" data-id=\"1677\" src=\"https:\/\/media.annasorenson.se\/2012\/07\/Textens-relation-till-texten1-736x1024.jpg\" alt=\"\" class=\"wp-image-1677\" srcset=\"https:\/\/media.annasorenson.se\/2012\/07\/Textens-relation-till-texten1-736x1024.jpg 736w, https:\/\/media.annasorenson.se\/2012\/07\/Textens-relation-till-texten1-215x300.jpg 215w, https:\/\/media.annasorenson.se\/2012\/07\/Textens-relation-till-texten1.jpg 921w\" sizes=\"auto, (max-width: 736px) 100vw, 736px\" \/><figcaption class=\"wp-element-caption\">Textens relation till texten\/The text relationship to the text, collage on paper, 56 x 76 cm \/22 x 30 inches <\/figcaption><\/figure>\n\n\n\n<figure class=\"wp-block-image size-large\"><img loading=\"lazy\" decoding=\"async\" width=\"746\" height=\"1024\" data-id=\"1679\" src=\"https:\/\/media.annasorenson.se\/2012\/07\/Tva\u030a-sorters-plast1-746x1024.jpg\" alt=\"\" class=\"wp-image-1679\" srcset=\"https:\/\/media.annasorenson.se\/2012\/07\/Tva\u030a-sorters-plast1-746x1024.jpg 746w, https:\/\/media.annasorenson.se\/2012\/07\/Tva\u030a-sorters-plast1-218x300.jpg 218w, https:\/\/media.annasorenson.se\/2012\/07\/Tva\u030a-sorters-plast1.jpg 933w\" sizes=\"auto, (max-width: 746px) 100vw, 746px\" \/><figcaption class=\"wp-element-caption\">\u201cTv\u00e5 sorters plast\/ Two kinds of plastic\u201d, plastic and watercolor on paper, 52\u00d772 cm\/22\u00d730 inch, 2012 <\/figcaption><\/figure>\n\n\n\n<figure class=\"wp-block-image size-large\"><img loading=\"lazy\" decoding=\"async\" width=\"736\" height=\"1024\" data-id=\"1680\" src=\"https:\/\/media.annasorenson.se\/2012\/07\/Virgina-Wolfs-hatt1-736x1024.jpg\" alt=\"\" class=\"wp-image-1680\" srcset=\"https:\/\/media.annasorenson.se\/2012\/07\/Virgina-Wolfs-hatt1-736x1024.jpg 736w, https:\/\/media.annasorenson.se\/2012\/07\/Virgina-Wolfs-hatt1-215x300.jpg 215w, https:\/\/media.annasorenson.se\/2012\/07\/Virgina-Wolfs-hatt1.jpg 920w\" sizes=\"auto, (max-width: 736px) 100vw, 736px\" \/><figcaption class=\"wp-element-caption\">Vigina Wolf\u2019s blue hat, collage on paper, 56 x 76 cm \/22 x 30 inches <\/figcaption><\/figure>\n\n\n\n<figure class=\"wp-block-image size-large\"><img loading=\"lazy\" decoding=\"async\" width=\"1024\" height=\"1024\" data-id=\"1673\" src=\"https:\/\/media.annasorenson.se\/2012\/07\/Kelly-virkar1-1024x1024.jpg\" alt=\"\" class=\"wp-image-1673\" srcset=\"https:\/\/media.annasorenson.se\/2012\/07\/Kelly-virkar1-1024x1024.jpg 1024w, https:\/\/media.annasorenson.se\/2012\/07\/Kelly-virkar1-150x150.jpg 150w, https:\/\/media.annasorenson.se\/2012\/07\/Kelly-virkar1-300x300.jpg 300w, https:\/\/media.annasorenson.se\/2012\/07\/Kelly-virkar1.jpg 1279w\" sizes=\"auto, (max-width: 1024px) 100vw, 1024px\" \/><figcaption class=\"wp-element-caption\">Kelly, gouache on paper, 106 x 106 cm\/ 41.5 x 41.5 inches <\/figcaption><\/figure>\n\n\n\n<figure class=\"wp-block-image size-large\"><img loading=\"lazy\" decoding=\"async\" width=\"952\" height=\"1024\" data-id=\"1375\" src=\"https:\/\/media.annasorenson.se\/2012\/06\/Torso-I-952x1024.jpg\" alt=\"\" class=\"wp-image-1375\" srcset=\"https:\/\/media.annasorenson.se\/2012\/06\/Torso-I-952x1024.jpg 952w, https:\/\/media.annasorenson.se\/2012\/06\/Torso-I-279x300.jpg 279w, https:\/\/media.annasorenson.se\/2012\/06\/Torso-I.jpg 1191w\" sizes=\"auto, (max-width: 952px) 100vw, 952px\" \/><figcaption class=\"wp-element-caption\">&#8221;Torso, I&#8221;, gouache on paper, 2012.<\/figcaption><\/figure>\n\n\n\n<figure class=\"wp-block-image size-large\"><img loading=\"lazy\" decoding=\"async\" width=\"751\" height=\"1024\" data-id=\"1359\" src=\"https:\/\/media.annasorenson.se\/2012\/06\/Monocrom-751x1024.jpg\" alt=\"\" class=\"wp-image-1359\" srcset=\"https:\/\/media.annasorenson.se\/2012\/06\/Monocrom-751x1024.jpg 751w, https:\/\/media.annasorenson.se\/2012\/06\/Monocrom-220x300.jpg 220w, https:\/\/media.annasorenson.se\/2012\/06\/Monocrom.jpg 939w\" sizes=\"auto, (max-width: 751px) 100vw, 751px\" \/><figcaption class=\"wp-element-caption\">Watercolor, pencil, plastic and fabric on paper, 52&#215;72 cm\/22&#215;30 inch, 2012<\/figcaption><\/figure>\n\n\n\n<figure class=\"wp-block-image size-large\"><img loading=\"lazy\" decoding=\"async\" width=\"752\" height=\"1024\" data-id=\"1360\" src=\"https:\/\/media.annasorenson.se\/2012\/06\/Nevada-752x1024.jpg\" alt=\"\" class=\"wp-image-1360\" srcset=\"https:\/\/media.annasorenson.se\/2012\/06\/Nevada-752x1024.jpg 752w, https:\/\/media.annasorenson.se\/2012\/06\/Nevada-220x300.jpg 220w, https:\/\/media.annasorenson.se\/2012\/06\/Nevada.jpg 941w\" sizes=\"auto, (max-width: 752px) 100vw, 752px\" \/><figcaption class=\"wp-element-caption\">Collage and watercolor on paper, 52&#215;72 cm\/22&#215;30 inch, 2012<\/figcaption><\/figure>\n\n\n\n<figure class=\"wp-block-image size-large\"><img loading=\"lazy\" decoding=\"async\" width=\"754\" height=\"1024\" data-id=\"1372\" src=\"https:\/\/media.annasorenson.se\/2012\/06\/Singing-754x1024.jpg\" alt=\"\" class=\"wp-image-1372\" srcset=\"https:\/\/media.annasorenson.se\/2012\/06\/Singing-754x1024.jpg 754w, https:\/\/media.annasorenson.se\/2012\/06\/Singing-221x300.jpg 221w, https:\/\/media.annasorenson.se\/2012\/06\/Singing.jpg 943w\" sizes=\"auto, (max-width: 754px) 100vw, 754px\" \/><figcaption class=\"wp-element-caption\">&#8221;Singing&#8221;, gouache and fabric on paper, 52&#215;72 cm\/22&#215;30 inch, 2012<\/figcaption><\/figure>\n\n\n\n<figure class=\"wp-block-image size-large\"><img loading=\"lazy\" decoding=\"async\" width=\"752\" height=\"1024\" data-id=\"1597\" src=\"https:\/\/media.annasorenson.se\/2012\/07\/Tiden-stannar...-752x1024.jpg\" alt=\"\" class=\"wp-image-1597\" srcset=\"https:\/\/media.annasorenson.se\/2012\/07\/Tiden-stannar...-752x1024.jpg 752w, https:\/\/media.annasorenson.se\/2012\/07\/Tiden-stannar...-220x300.jpg 220w, https:\/\/media.annasorenson.se\/2012\/07\/Tiden-stannar...-147x200.jpg 147w, https:\/\/media.annasorenson.se\/2012\/07\/Tiden-stannar....jpg 941w\" sizes=\"auto, (max-width: 752px) 100vw, 752px\" \/><figcaption class=\"wp-element-caption\">Watercolor and pencil on paper, 52&#215;72 cm\/22&#215;30 inch, 2012<\/figcaption><\/figure>\n\n\n\n<figure class=\"wp-block-image size-large\"><img loading=\"lazy\" decoding=\"async\" width=\"749\" height=\"1024\" data-id=\"1599\" src=\"https:\/\/media.annasorenson.se\/2012\/07\/6-rader-tejp1-749x1024.jpg\" alt=\"\" class=\"wp-image-1599\" srcset=\"https:\/\/media.annasorenson.se\/2012\/07\/6-rader-tejp1-749x1024.jpg 749w, https:\/\/media.annasorenson.se\/2012\/07\/6-rader-tejp1-219x300.jpg 219w, https:\/\/media.annasorenson.se\/2012\/07\/6-rader-tejp1-146x200.jpg 146w, https:\/\/media.annasorenson.se\/2012\/07\/6-rader-tejp1.jpg 937w\" sizes=\"auto, (max-width: 749px) 100vw, 749px\" \/><figcaption class=\"wp-element-caption\">6 rader tejp\/ 6 lines of tape, tape on paper, 56 x 76 cm\/ 22 x 30 inches <\/figcaption><\/figure>\n\n\n\n<figure class=\"wp-block-image size-large\"><img loading=\"lazy\" decoding=\"async\" width=\"756\" height=\"1024\" data-id=\"1594\" src=\"https:\/\/media.annasorenson.se\/2012\/07\/Sandpapper-756x1024.jpg\" alt=\"\" class=\"wp-image-1594\" srcset=\"https:\/\/media.annasorenson.se\/2012\/07\/Sandpapper-756x1024.jpg 756w, https:\/\/media.annasorenson.se\/2012\/07\/Sandpapper-221x300.jpg 221w, https:\/\/media.annasorenson.se\/2012\/07\/Sandpapper-147x200.jpg 147w, https:\/\/media.annasorenson.se\/2012\/07\/Sandpapper.jpg 945w\" sizes=\"auto, (max-width: 756px) 100vw, 756px\" \/><figcaption class=\"wp-element-caption\">Pencil and sandpaper on paper, 52&#215;72 cm\/22&#215;30 inch, 2012<\/figcaption><\/figure>\n\n\n\n<figure class=\"wp-block-image size-large\"><img loading=\"lazy\" decoding=\"async\" width=\"968\" height=\"1024\" data-id=\"1373\" src=\"https:\/\/media.annasorenson.se\/2012\/06\/Swimming-968x1024.jpg\" alt=\"\" class=\"wp-image-1373\" srcset=\"https:\/\/media.annasorenson.se\/2012\/06\/Swimming-968x1024.jpg 968w, https:\/\/media.annasorenson.se\/2012\/06\/Swimming-283x300.jpg 283w, https:\/\/media.annasorenson.se\/2012\/06\/Swimming.jpg 1210w\" sizes=\"auto, (max-width: 968px) 100vw, 968px\" \/><figcaption class=\"wp-element-caption\">&#8221;Swimming&#8221;, watercolor on paper, 106 x113 cm \/41,7 x44,5 inch<\/figcaption><\/figure>\n\n\n\n<figure class=\"wp-block-image size-large\"><img loading=\"lazy\" decoding=\"async\" width=\"1024\" height=\"1006\" data-id=\"1356\" src=\"https:\/\/media.annasorenson.se\/2012\/06\/Madame-1024x1006.jpg\" alt=\"\" class=\"wp-image-1356\" srcset=\"https:\/\/media.annasorenson.se\/2012\/06\/Madame-1024x1006.jpg 1024w, https:\/\/media.annasorenson.se\/2012\/06\/Madame-300x294.jpg 300w, https:\/\/media.annasorenson.se\/2012\/06\/Madame.jpg 1302w\" sizes=\"auto, (max-width: 1024px) 100vw, 1024px\" \/><figcaption class=\"wp-element-caption\">&#8221;Madame&#8221;, charcol and gouache on paper, 106 x 103 cm\/41,7 x 46,6 inch, 2012<\/figcaption><\/figure>\n<\/figure>\n","protected":false},"excerpt":{"rendered":"","protected":false},"author":1,"featured_media":0,"parent":0,"menu_order":0,"comment_status":"open","ping_status":"open","template":"","meta":{"footnotes":""},"class_list":["post-1471","page","type-page","status-publish","hentry"],"_links":{"self":[{"href":"https:\/\/annasorenson.se\/index.php?rest_route=\/wp\/v2\/pages\/1471","targetHints":{"allow":["GET"]}}],"collection":[{"href":"https:\/\/annasorenson.se\/index.php?rest_route=\/wp\/v2\/pages"}],"about":[{"href":"https:\/\/annasorenson.se\/index.php?rest_route=\/wp\/v2\/types\/page"}],"author":[{"embeddable":true,"href":"https:\/\/annasorenson.se\/index.php?rest_route=\/wp\/v2\/users\/1"}],"replies":[{"embeddable":true,"href":"https:\/\/annasorenson.se\/index.php?rest_route=%2Fwp%2Fv2%2Fcomments&post=1471"}],"version-history":[{"count":20,"href":"https:\/\/annasorenson.se\/index.php?rest_route=\/wp\/v2\/pages\/1471\/revisions"}],"predecessor-version":[{"id":4502,"href":"https:\/\/annasorenson.se\/index.php?rest_route=\/wp\/v2\/pages\/1471\/revisions\/4502"}],"wp:attachment":[{"href":"https:\/\/annasorenson.se\/index.php?rest_route=%2Fwp%2Fv2%2Fmedia&parent=1471"}],"curies":[{"name":"wp","href":"https:\/\/api.w.org\/{rel}","templated":true}]}}