{"id":2,"date":"2011-01-07T09:42:05","date_gmt":"2011-01-07T09:42:05","guid":{"rendered":"http:\/\/annasorenson.se\/?page_id=2"},"modified":"2024-09-27T08:25:06","modified_gmt":"2024-09-27T08:25:06","slug":"about","status":"publish","type":"page","link":"https:\/\/annasorenson.se\/?page_id=2","title":{"rendered":"CV"},"content":{"rendered":"\n<p><strong><u>Utbildning<\/u><\/strong><\/p>\n\n\n\n<p>a.pass, (advanced performance and scenography studies), post-master, Posthogeschool voor Podiumkunsten, Brussels, 2013-2014<\/p>\n\n\n\n<p>Pratt Institute, Brooklyn, New York, Master of Fine Arts, 2010-2012<\/p>\n\n\n\n<p>Konstfack, Teorier, metoder och Praktiker, Stockholm, 2009-2010<\/p>\n\n\n\n<p>Ume\u00e5 Konsth\u00f6gskola, Ume\u00e5, Bachelor of Fine Arts, 2006-2009<\/p>\n\n\n\n<p>Parsons the New School for Design, 2006<\/p>\n\n\n\n<p>Gerlesborgs Konstskola, Stockholm, 2004-2006<\/p>\n\n\n\n<p>Basis Konstskola, Stockholm, 2002-2004<\/p>\n\n\n\n<p><strong><u>Soloutst\u00e4llningar i urval<\/u><\/strong><\/p>\n\n\n\n<p>2024, \u201dCirklarna\u201d, Galleri Kronan, Norrk\u00f6ping.<\/p>\n\n\n\n<p>2023, \u201dRotationer\u201d, Flygen vid Fullestag\u00e5rd, Stockholm.<\/p>\n\n\n\n<p>2022, \u201dEn sf\u00e4r, ett klot, ett h\u00e5l\u201d Klippans Konsthall, Klippan.<\/p>\n\n\n\n<p>2021, Handelns Kulturcentrum &amp; Haninge Konsthall, Stockholm.<\/p>\n\n\n\n<p>2019, The Nordic Center, Duluth, Minnesota, USA.<\/p>\n\n\n\n<p>2017, The Nordic House, F\u00e4r\u00f6arna, Danmark.<\/p>\n\n\n\n<p>2017, Ed Varie, Los Angeles, USA.<\/p>\n\n\n\n<p>2016, Saranac Art Projects, Spokane, WA, USA.<\/p>\n\n\n\n<p>2015, Ten Weyngaert Cultural Center, Brussels, Belgien.<\/p>\n\n\n\n<p>2014, Candyland, Stockholm.<\/p>\n\n\n\n<p>2014, Ed Varie, New York, USA.<\/p>\n\n\n\n<p>2013, WIP Konsthall, Stockholm.<\/p>\n\n\n\n<p><strong><u>Grupputst\u00e4llningar i urval<\/u><\/strong><\/p>\n\n\n\n<p>2024, Studio 44, Stockholm.(okt.)<\/p>\n\n\n\n<p>2023, Skulptur stipendiater, Stiftelsen Yngve Bergers Minnesfond, Blid\u00f6.<\/p>\n\n\n\n<p>2021, Kolla Konst, Lidk\u00f6ping Konsthall, Lidk\u00f6ping.<\/p>\n\n\n\n<p>2019, \u00d6rebro Open Art, \u00d6rebro.<\/p>\n\n\n\n<p>2019, V\u00e5rsalongen, Liljevalchs Konsthall, Stockholm.<\/p>\n\n\n\n<p>2015, Royal Collage of Art, London, Storbritannien.<\/p>\n\n\n\n<p>2014, Imigration Offiec, Bremen, Tyskland.<\/p>\n\n\n\n<p>2012, V\u00e5rsalongen, Liljevalchs Konsthall, Stockholm.<\/p>\n\n\n\n<p>2009, Ku\u0308nstlerhaus Bethanien, Berlin, Tyskland.<\/p>\n\n\n\n<p>2009, NorrlandsOperan, Ume\u00e5.<\/p>\n\n\n\n<p>2008, V\u00e5rsalongen, Liljevalchs Konsthall, Stockholm.<\/p>\n\n\n\n<p><strong><u>Offentliga uppdrag<\/u><\/strong><\/p>\n\n\n\n<p>2024, Danderyds sjukhus, Region Stockholm<\/p>\n\n\n\n<p>2024, Skissuppdrag, AB Bost\u00e4der Lidk\u00f6ping, Bostadsomr\u00e5det Rapsbaggen<\/p>\n\n\n\n<p>2024, Skissuppdrag, Kryddhyllan, BmSS, G\u00f6teborgs stad<\/p>\n\n\n\n<p>2023, Skissuppdrag, Fickparken Jordbro, Haninge Komun<\/p>\n\n\n\n<p>2023, Skissuppdrag, Torups skola, Hylte Komun<\/p>\n\n\n\n<p>2023, \u201dEn rosa korridor\u201d, Framtidsbygget, Hudiksvallssjukhus, Region G\u00e4vleborg<\/p>\n\n\n\n<p>2021, Skissuppdrag, f\u00f6rskolan Solhem, S\u00f6dert\u00e4lje Stad<\/p>\n\n\n\n<p>2021, Skissuppdrag, f\u00f6rskolan Orkestergatan, G\u00f6teborgs Stad<\/p>\n\n\n\n<p>2020, Skissuppdrag, Skytteskolan, G\u00f6teborgs Stad<\/p>\n\n\n\n<p>2020, \u201dLingonlyktorna\u201d, f\u00f6rskolan Kaplanen, Sundbybergs Stad<\/p>\n\n\n\n<p>2019, Skissuppdrag, S\u00f6dert\u00e4lje sjukhus, Region Stockholm<\/p>\n\n\n\n<p>2018, V\u00e4ggm\u00e5lning, Mimosan Montessori, Stockholm<\/p>\n\n\n\n<p>2018, V\u00e4ggm\u00e5lning, Mantary Films, Stockholm<\/p>\n\n\n\n<p><strong><u>Samlingar<\/u><\/strong><\/p>\n\n\n\n<p>Norrk\u00f6pingskonstmuseum, 2024<\/p>\n\n\n\n<p>Statens konstr\u00e5d, 2021<\/p>\n\n\n\n<p>Paul McCabe Fine Art, 2014<\/p>\n\n\n\n<p><strong><u>Stipendier och utm\u00e4rkelser<\/u><\/strong><\/p>\n\n\n\n<p>Stiftelsen Yngve Bergers Minnesfond, 2022<\/p>\n\n\n\n<p>Corona Krisst\u00f6d Konstn\u00e4rsn\u00e4mnden, 2020, 2021<\/p>\n\n\n\n<p>Stockholmstadsatelj\u00e9 st\u00f6d, 2020<\/p>\n\n\n\n<p>Helge Ax:son Johnsons Stiftelse, 2019<\/p>\n\n\n\n<p>Resestipendium, Konstn\u00e4rsn\u00e4mden, 2019<\/p>\n\n\n\n<p>Stiftelsen L\u00e4ngmanska kulturfonden, 2017<\/p>\n\n\n\n<p>Pratt Institute International Scholarship, 2012<\/p>\n\n\n\n<p>Minimalism and Land art workshop series, project founded of the American Embassy in<\/p>\n\n\n\n<p>Stockholm, 2011<\/p>\n\n\n\n<p>Pratt Institute Fine Art Department Scholarship, 2011<\/p>\n\n\n\n<p>Fulbright Scholarship, 2009<\/p>\n\n\n\n<p><strong><u>Residencies<\/u><\/strong><\/p>\n\n\n\n<p>RUCKA, Cesis, Latvia-2017<\/p>\n\n\n\n<p>Tj\u00f8rnuv\u00edk Artist House, Faroe Island, Denmark, 2016<\/p>\n\n\n\n<p>Laboratory, with Rydh\/S\u00f6renson, Spokane, 2016<\/p>\n\n\n\n<p>Bains Connective, with Rydh\/S\u00f6renson, Brussels, 2015<\/p>\n\n\n\n<p>Art Prison, Helsinki, Finland, 2015<\/p>\n\n\n\n<p>Bains Connective, Brussels, Belgium, 2015<\/p>\n\n\n\n<p>The Wassaic Project, Wassaic, USA, 2013<\/p>\n\n\n\n<p>Vermont Studio Center, USA, 2012<\/p>\n\n\n\n<p><\/p>\n","protected":false},"excerpt":{"rendered":"<p>Utbildning a.pass, (advanced performance and scenography studies), post-master, Posthogeschool voor Podiumkunsten, Brussels, 2013-2014 Pratt Institute, Brooklyn, New York, Master of Fine Arts, 2010-2012 Konstfack, Teorier, metoder och Praktiker, Stockholm, 2009-2010 Ume\u00e5 Konsth\u00f6gskola, Ume\u00e5, Bachelor of Fine Arts, 2006-2009 Parsons the New School for Design, 2006 Gerlesborgs Konstskola, Stockholm, 2004-2006 Basis Konstskola, Stockholm, 2002-2004 Soloutst\u00e4llningar i [&hellip;]<\/p>\n","protected":false},"author":1,"featured_media":0,"parent":0,"menu_order":0,"comment_status":"open","ping_status":"open","template":"","meta":{"footnotes":""},"class_list":["post-2","page","type-page","status-publish","hentry"],"_links":{"self":[{"href":"https:\/\/annasorenson.se\/index.php?rest_route=\/wp\/v2\/pages\/2","targetHints":{"allow":["GET"]}}],"collection":[{"href":"https:\/\/annasorenson.se\/index.php?rest_route=\/wp\/v2\/pages"}],"about":[{"href":"https:\/\/annasorenson.se\/index.php?rest_route=\/wp\/v2\/types\/page"}],"author":[{"embeddable":true,"href":"https:\/\/annasorenson.se\/index.php?rest_route=\/wp\/v2\/users\/1"}],"replies":[{"embeddable":true,"href":"https:\/\/annasorenson.se\/index.php?rest_route=%2Fwp%2Fv2%2Fcomments&post=2"}],"version-history":[{"count":51,"href":"https:\/\/annasorenson.se\/index.php?rest_route=\/wp\/v2\/pages\/2\/revisions"}],"predecessor-version":[{"id":4593,"href":"https:\/\/annasorenson.se\/index.php?rest_route=\/wp\/v2\/pages\/2\/revisions\/4593"}],"wp:attachment":[{"href":"https:\/\/annasorenson.se\/index.php?rest_route=%2Fwp%2Fv2%2Fmedia&parent=2"}],"curies":[{"name":"wp","href":"https:\/\/api.w.org\/{rel}","templated":true}]}}