{"id":3178,"date":"2015-07-31T09:00:15","date_gmt":"2015-07-31T09:00:15","guid":{"rendered":"http:\/\/annasorenson.se\/?page_id=3178"},"modified":"2016-04-29T20:31:03","modified_gmt":"2016-04-29T20:31:03","slug":"rydh-sorenson","status":"publish","type":"page","link":"https:\/\/annasorenson.se\/?page_id=3178","title":{"rendered":"Rydh \/ S\u00f6renson"},"content":{"rendered":"<p>We have worked as an artist duo since 2014. We build site-specific installations centered on nature and architecture. We both create temporary installation in nature, a project we call \u201dEnvironmental Ephemerals\u201d, and permanent installation both in commercial venues and public spaces. As artists we work site specific, looking for the characteristics of the milieu we are in, pursuing a method of aesthetic anthropology.<\/p>\n<p>Biography<\/p>\n<p>Daniel studied fine art at Hogeschool voor de Kunsten in Utrecht in The Netherlands and pedagogy at Ume\u00e5 University in Sweden. Anna received her BFA from Ume\u00e5 Art Academy and MFA from Pratt Institute, New York supported by her Fulbright Scholarship. In 2014 she graduated from a.pass, a yearlong post-master program in performance art in Brussels, Belgium.<\/p>\n<p>Rydh \/S\u00f6renson have been invited artists-in-residence in Bains Connective, Bryssel, Belgium, Laboratory Spokane, USA and Tj\u00f8rnuv\u00edk Artist House in Faroe Islands. We have been exhibited in Ten Weyngaert, the gallery space in Commune de Forest\u2019s culture center in Brussels, Saranac Art Projects in Spokane including a public installation for Window Dressing, Spokane. We have also showed our work with Ed Varie in New York, USA, during NADA art fair.<\/p>\n<p>We are proud to announce our upcoming show in Los Angeles with Ed Varie, January 2017 and first museum exhibition at The Nordic House, Faroe Islands, February 2017.<\/p>\n<p><strong>Upcoming Exhibitions<\/strong><\/p>\n<p>2017- The Nordic House, Faroe Islands, Denmark<\/p>\n<p>2017- Ed Varie, Los Angeles, USA<\/p>\n<p><strong>Exhibitions<\/strong><\/p>\n<p>2016-<em> I See Water<\/em>, Ed Varie, New York, USA<\/p>\n<p>2016- <em>Float, part III<\/em>, Window dressing, Spokane Falls Boulevard, USA<\/p>\n<p>2016 &#8211;<em>Float<\/em>, Saranac Art Projects, Spokane, USA<\/p>\n<p>2015 &#8211; <em>Dichroic Ripple<\/em> ,Ten Weyngaert, Brussels, Belgium<\/p>\n<p><strong>Residencies<\/strong><\/p>\n<p>2016- Tj\u00f8rnuv\u00edk Artist House, Faroe Island, Denmark<\/p>\n<p>2016- Laboratory Spokane, Spokane, USA<\/p>\n<p>2015- Bain Connective, Brussels<\/p>\n","protected":false},"excerpt":{"rendered":"<p>We have worked as an artist duo since 2014. We build site-specific installations centered on nature and architecture. We both create temporary installation in nature, a project we call \u201dEnvironmental Ephemerals\u201d, and permanent installation both in commercial venues and public spaces. As artists we work site specific, looking for the characteristics of the milieu we [&hellip;]<\/p>\n","protected":false},"author":1,"featured_media":0,"parent":0,"menu_order":0,"comment_status":"open","ping_status":"open","template":"","meta":{"footnotes":""},"class_list":["post-3178","page","type-page","status-publish","hentry"],"_links":{"self":[{"href":"https:\/\/annasorenson.se\/index.php?rest_route=\/wp\/v2\/pages\/3178","targetHints":{"allow":["GET"]}}],"collection":[{"href":"https:\/\/annasorenson.se\/index.php?rest_route=\/wp\/v2\/pages"}],"about":[{"href":"https:\/\/annasorenson.se\/index.php?rest_route=\/wp\/v2\/types\/page"}],"author":[{"embeddable":true,"href":"https:\/\/annasorenson.se\/index.php?rest_route=\/wp\/v2\/users\/1"}],"replies":[{"embeddable":true,"href":"https:\/\/annasorenson.se\/index.php?rest_route=%2Fwp%2Fv2%2Fcomments&post=3178"}],"version-history":[{"count":4,"href":"https:\/\/annasorenson.se\/index.php?rest_route=\/wp\/v2\/pages\/3178\/revisions"}],"predecessor-version":[{"id":3448,"href":"https:\/\/annasorenson.se\/index.php?rest_route=\/wp\/v2\/pages\/3178\/revisions\/3448"}],"wp:attachment":[{"href":"https:\/\/annasorenson.se\/index.php?rest_route=%2Fwp%2Fv2%2Fmedia&parent=3178"}],"curies":[{"name":"wp","href":"https:\/\/api.w.org\/{rel}","templated":true}]}}