{"id":4122,"date":"2018-10-25T11:17:47","date_gmt":"2018-10-25T11:17:47","guid":{"rendered":"http:\/\/annasorenson.se\/?page_id=4122"},"modified":"2024-09-27T09:00:00","modified_gmt":"2024-09-27T09:00:00","slug":"t-i-p-arkitekter-2018","status":"publish","type":"page","link":"https:\/\/annasorenson.se\/?page_id=4122","title":{"rendered":"T.I.P Arkitekter, 2018"},"content":{"rendered":"\n<figure class=\"wp-block-image aligncenter\"><a href=\"https:\/\/annasorenson.se\/?attachment_id=4129\" rel=\"attachment wp-att-4129\"><img loading=\"lazy\" decoding=\"async\" width=\"4865\" height=\"6328\" src=\"https:\/\/media.annasorenson.se\/2018\/10\/Vertikala-rum-2.jpg\" alt=\"\" class=\"wp-image-4129\" srcset=\"https:\/\/media.annasorenson.se\/2018\/10\/Vertikala-rum-2.jpg 4865w, https:\/\/media.annasorenson.se\/2018\/10\/Vertikala-rum-2-231x300.jpg 231w, https:\/\/media.annasorenson.se\/2018\/10\/Vertikala-rum-2-768x999.jpg 768w, https:\/\/media.annasorenson.se\/2018\/10\/Vertikala-rum-2-787x1024.jpg 787w, https:\/\/media.annasorenson.se\/2018\/10\/Vertikala-rum-2-624x812.jpg 624w\" sizes=\"auto, (max-width: 4865px) 100vw, 4865px\" \/><\/a><figcaption class=\"wp-element-caption\">Vertikala Rum, nr 2, f\u00f6r TIP arkitekter, 2018.<\/figcaption><\/figure>\n\n\n\n<p>TIP, Theory Into Practice, \u00e4r arkitekter som vill forma en b\u00e4ttre framtid. De tar utg\u00e5ngspunkt i komplexa samh\u00e4llsutmaningar och bygger upp tv\u00e4rdisciplin\u00e4ra konstellationer med gemensam innovationsf\u00f6rm\u00e5ga. Vi b\u00f6rjade v\u00e5rt samarbete kring TIPs ide\u00e9r om nya Slakthusomr\u00e5det i Stockholm. Kollagen \u00e4r en b\u00e5da digitala och handgjorda.<\/p>\n\n\n\n<figure class=\"wp-block-gallery has-nested-images columns-2 is-cropped wp-block-gallery-1 is-layout-flex wp-block-gallery-is-layout-flex\">\n<figure class=\"wp-block-image size-large\"><a href=\"https:\/\/media.annasorenson.se\/2018\/10\/Ute-och-inne-rum.jpg\" target=\"_blank\" rel=\"noopener\"><img loading=\"lazy\" decoding=\"async\" width=\"1024\" height=\"724\" data-id=\"4128\" src=\"https:\/\/media.annasorenson.se\/2018\/10\/Ute-och-inne-rum-1024x724.jpg\" alt=\"\" class=\"wp-image-4128\" srcset=\"https:\/\/media.annasorenson.se\/2018\/10\/Ute-och-inne-rum-1024x724.jpg 1024w, https:\/\/media.annasorenson.se\/2018\/10\/Ute-och-inne-rum-300x212.jpg 300w, https:\/\/media.annasorenson.se\/2018\/10\/Ute-och-inne-rum-768x543.jpg 768w, https:\/\/media.annasorenson.se\/2018\/10\/Ute-och-inne-rum-624x441.jpg 624w\" sizes=\"auto, (max-width: 1024px) 100vw, 1024px\" \/><\/a><\/figure>\n\n\n\n<figure class=\"wp-block-image size-large\"><a href=\"https:\/\/media.annasorenson.se\/2018\/10\/Ovan-och-under-jord-2..jpg\" target=\"_blank\" rel=\"noopener\"><img loading=\"lazy\" decoding=\"async\" width=\"1024\" height=\"724\" data-id=\"4127\" src=\"https:\/\/media.annasorenson.se\/2018\/10\/Ovan-och-under-jord-2.-1024x724.jpg\" alt=\"\" class=\"wp-image-4127\" srcset=\"https:\/\/media.annasorenson.se\/2018\/10\/Ovan-och-under-jord-2.-1024x724.jpg 1024w, https:\/\/media.annasorenson.se\/2018\/10\/Ovan-och-under-jord-2.-300x212.jpg 300w, https:\/\/media.annasorenson.se\/2018\/10\/Ovan-och-under-jord-2.-768x543.jpg 768w, https:\/\/media.annasorenson.se\/2018\/10\/Ovan-och-under-jord-2.-624x441.jpg 624w\" sizes=\"auto, (max-width: 1024px) 100vw, 1024px\" \/><\/a><\/figure>\n\n\n\n<figure class=\"wp-block-image size-large\"><a href=\"https:\/\/media.annasorenson.se\/2018\/10\/Glas-och-gro\u0308nska.jpg\" target=\"_blank\" rel=\"noopener\"><img loading=\"lazy\" decoding=\"async\" width=\"1024\" height=\"724\" data-id=\"4125\" src=\"https:\/\/media.annasorenson.se\/2018\/10\/Glas-och-gro\u0308nska-1024x724.jpg\" alt=\"\" class=\"wp-image-4125\" srcset=\"https:\/\/media.annasorenson.se\/2018\/10\/Glas-och-gro\u0308nska-1024x724.jpg 1024w, https:\/\/media.annasorenson.se\/2018\/10\/Glas-och-gro\u0308nska-300x212.jpg 300w, https:\/\/media.annasorenson.se\/2018\/10\/Glas-och-gro\u0308nska-768x543.jpg 768w, https:\/\/media.annasorenson.se\/2018\/10\/Glas-och-gro\u0308nska-624x441.jpg 624w\" sizes=\"auto, (max-width: 1024px) 100vw, 1024px\" \/><\/a><\/figure>\n\n\n\n<figure class=\"wp-block-image size-large\"><a href=\"https:\/\/media.annasorenson.se\/2018\/10\/Vertikala-rum.jpg\" target=\"_blank\" rel=\"noopener\"><img loading=\"lazy\" decoding=\"async\" width=\"1024\" height=\"768\" data-id=\"4130\" src=\"https:\/\/media.annasorenson.se\/2018\/10\/Vertikala-rum-1024x768.jpg\" alt=\"\" class=\"wp-image-4130\" srcset=\"https:\/\/media.annasorenson.se\/2018\/10\/Vertikala-rum-1024x768.jpg 1024w, https:\/\/media.annasorenson.se\/2018\/10\/Vertikala-rum-300x225.jpg 300w, https:\/\/media.annasorenson.se\/2018\/10\/Vertikala-rum-768x576.jpg 768w, https:\/\/media.annasorenson.se\/2018\/10\/Vertikala-rum-624x468.jpg 624w\" sizes=\"auto, (max-width: 1024px) 100vw, 1024px\" \/><\/a><\/figure>\n<\/figure>\n","protected":false},"excerpt":{"rendered":"<p>TIP, Theory Into Practice, \u00e4r arkitekter som vill forma en b\u00e4ttre framtid. De tar utg\u00e5ngspunkt i komplexa samh\u00e4llsutmaningar och bygger upp tv\u00e4rdisciplin\u00e4ra konstellationer med gemensam innovationsf\u00f6rm\u00e5ga. Vi b\u00f6rjade v\u00e5rt samarbete kring TIPs ide\u00e9r om nya Slakthusomr\u00e5det i Stockholm. Kollagen \u00e4r en b\u00e5da digitala och handgjorda.<\/p>\n","protected":false},"author":1,"featured_media":0,"parent":0,"menu_order":0,"comment_status":"closed","ping_status":"closed","template":"","meta":{"footnotes":""},"class_list":["post-4122","page","type-page","status-publish","hentry"],"_links":{"self":[{"href":"https:\/\/annasorenson.se\/index.php?rest_route=\/wp\/v2\/pages\/4122","targetHints":{"allow":["GET"]}}],"collection":[{"href":"https:\/\/annasorenson.se\/index.php?rest_route=\/wp\/v2\/pages"}],"about":[{"href":"https:\/\/annasorenson.se\/index.php?rest_route=\/wp\/v2\/types\/page"}],"author":[{"embeddable":true,"href":"https:\/\/annasorenson.se\/index.php?rest_route=\/wp\/v2\/users\/1"}],"replies":[{"embeddable":true,"href":"https:\/\/annasorenson.se\/index.php?rest_route=%2Fwp%2Fv2%2Fcomments&post=4122"}],"version-history":[{"count":8,"href":"https:\/\/annasorenson.se\/index.php?rest_route=\/wp\/v2\/pages\/4122\/revisions"}],"predecessor-version":[{"id":4460,"href":"https:\/\/annasorenson.se\/index.php?rest_route=\/wp\/v2\/pages\/4122\/revisions\/4460"}],"wp:attachment":[{"href":"https:\/\/annasorenson.se\/index.php?rest_route=%2Fwp%2Fv2%2Fmedia&parent=4122"}],"curies":[{"name":"wp","href":"https:\/\/api.w.org\/{rel}","templated":true}]}}