{"id":4223,"date":"2021-11-12T10:46:27","date_gmt":"2021-11-12T10:46:27","guid":{"rendered":"https:\/\/annasorenson.se\/?page_id=4223"},"modified":"2021-11-12T10:46:27","modified_gmt":"2021-11-12T10:46:27","slug":"banana-cone-2019","status":"publish","type":"page","link":"https:\/\/annasorenson.se\/?page_id=4223","title":{"rendered":"Banana Cone, 2019"},"content":{"rendered":"\n<figure class=\"wp-block-image size-large\"><a href=\"https:\/\/media.annasorenson.se\/2021\/11\/2_AnnaSo\u2560e\u0302rensonRydh_038._Magnus-Westerbornjpg-scaled.jpg\"><img loading=\"lazy\" decoding=\"async\" width=\"1024\" height=\"768\" src=\"https:\/\/media.annasorenson.se\/2021\/11\/2_AnnaSo\u2560e\u0302rensonRydh_038._Magnus-Westerbornjpg-1024x768.jpg\" alt=\"\" class=\"wp-image-4224\" srcset=\"https:\/\/media.annasorenson.se\/2021\/11\/2_AnnaSo\u2560e\u0302rensonRydh_038._Magnus-Westerbornjpg-1024x768.jpg 1024w, https:\/\/media.annasorenson.se\/2021\/11\/2_AnnaSo\u2560e\u0302rensonRydh_038._Magnus-Westerbornjpg-300x225.jpg 300w, https:\/\/media.annasorenson.se\/2021\/11\/2_AnnaSo\u2560e\u0302rensonRydh_038._Magnus-Westerbornjpg-768x576.jpg 768w, https:\/\/media.annasorenson.se\/2021\/11\/2_AnnaSo\u2560e\u0302rensonRydh_038._Magnus-Westerbornjpg-1536x1152.jpg 1536w, https:\/\/media.annasorenson.se\/2021\/11\/2_AnnaSo\u2560e\u0302rensonRydh_038._Magnus-Westerbornjpg-2048x1536.jpg 2048w, https:\/\/media.annasorenson.se\/2021\/11\/2_AnnaSo\u2560e\u0302rensonRydh_038._Magnus-Westerbornjpg-624x468.jpg 624w\" sizes=\"auto, (max-width: 1024px) 100vw, 1024px\" \/><\/a><figcaption>&#8221;Banana Cone&#8221;, 2019, Kr\u00e4martorget, \u00d6rebro Open Art. Foto: Magnus Westerborn <\/figcaption><\/figure>\n\n\n\n<p><strong>&#8221;Banana Cone&#8221;, M\u00e5lad tr\u00e4skulptur, 2019<\/strong>, <strong>500 x 200 x 200 cm.<\/strong><\/p>\n\n\n\n<p>Skulpturen Banana Cone \u00e4r framtagen till \u00d6rebro Open Art, en tempor\u00e4r skulptur gjord f\u00f6r att st\u00e5 ute i offentliga rummet under sommaren 2019. Tr\u00e4skulpturen \u00e4r m\u00e5lad med utomhusf\u00e4rg f\u00f6r fasader i sitt gula och bruna bananfl\u00e4ckiga m\u00f6nster. Skulpturen var placerad p\u00e5 Kr\u00e4martorget i centrala \u00d6rebro under utst\u00e4llningsperioden. Banana Cone st\u00e4lldes ut igen sommaren 2021 i Lidk\u00f6ping under sommarutst\u00e4llningen &#8221;Kolla Konst!&#8221; i regi av Lidk\u00f6pingskonsthall. <\/p>\n\n\n\n<figure class=\"wp-block-image size-large\"><a href=\"https:\/\/media.annasorenson.se\/2021\/11\/2_AnnaSo\u2560e\u0302rensonRydh_042_Magnus-Westerborn-scaled.jpg\"><img loading=\"lazy\" decoding=\"async\" width=\"768\" height=\"1024\" src=\"https:\/\/media.annasorenson.se\/2021\/11\/2_AnnaSo\u2560e\u0302rensonRydh_042_Magnus-Westerborn-768x1024.jpg\" alt=\"\" class=\"wp-image-4225\" srcset=\"https:\/\/media.annasorenson.se\/2021\/11\/2_AnnaSo\u2560e\u0302rensonRydh_042_Magnus-Westerborn-768x1024.jpg 768w, https:\/\/media.annasorenson.se\/2021\/11\/2_AnnaSo\u2560e\u0302rensonRydh_042_Magnus-Westerborn-225x300.jpg 225w, https:\/\/media.annasorenson.se\/2021\/11\/2_AnnaSo\u2560e\u0302rensonRydh_042_Magnus-Westerborn-1152x1536.jpg 1152w, https:\/\/media.annasorenson.se\/2021\/11\/2_AnnaSo\u2560e\u0302rensonRydh_042_Magnus-Westerborn-1536x2048.jpg 1536w, https:\/\/media.annasorenson.se\/2021\/11\/2_AnnaSo\u2560e\u0302rensonRydh_042_Magnus-Westerborn-624x832.jpg 624w, https:\/\/media.annasorenson.se\/2021\/11\/2_AnnaSo\u2560e\u0302rensonRydh_042_Magnus-Westerborn-scaled.jpg 1920w\" sizes=\"auto, (max-width: 768px) 100vw, 768px\" \/><\/a><figcaption><meta charset=\"utf-8\">&#8221;Banana Cone&#8221;, 2019, Kr\u00e4martorget, \u00d6rebro Open Art. Foto: Magnus Westerborn <\/figcaption><\/figure>\n\n\n\n<figure class=\"wp-block-image size-large\"><a href=\"https:\/\/media.annasorenson.se\/2021\/11\/M85_7030-scaled.jpg\"><img loading=\"lazy\" decoding=\"async\" width=\"1024\" height=\"683\" src=\"https:\/\/media.annasorenson.se\/2021\/11\/M85_7030-1024x683.jpg\" alt=\"\" class=\"wp-image-4210\" srcset=\"https:\/\/media.annasorenson.se\/2021\/11\/M85_7030-1024x683.jpg 1024w, https:\/\/media.annasorenson.se\/2021\/11\/M85_7030-300x200.jpg 300w, https:\/\/media.annasorenson.se\/2021\/11\/M85_7030-768x512.jpg 768w, https:\/\/media.annasorenson.se\/2021\/11\/M85_7030-1536x1024.jpg 1536w, https:\/\/media.annasorenson.se\/2021\/11\/M85_7030-2048x1365.jpg 2048w, https:\/\/media.annasorenson.se\/2021\/11\/M85_7030-624x416.jpg 624w\" sizes=\"auto, (max-width: 1024px) 100vw, 1024px\" \/><\/a><figcaption>&#8221;Banana Cone&#8221;, 2021, Stora torg, Lidk\u00f6ping. Foto: Martin Frick<\/figcaption><\/figure>\n\n\n\n<figure class=\"wp-block-gallery columns-1 is-cropped wp-block-gallery-1 is-layout-flex wp-block-gallery-is-layout-flex\"><ul class=\"blocks-gallery-grid\"><li class=\"blocks-gallery-item\"><figure><a href=\"https:\/\/media.annasorenson.se\/2021\/11\/M85_6971-scaled.jpg\"><img loading=\"lazy\" decoding=\"async\" width=\"683\" height=\"1024\" src=\"https:\/\/media.annasorenson.se\/2021\/11\/M85_6971-683x1024.jpg\" alt=\"\" data-id=\"4213\" data-full-url=\"https:\/\/media.annasorenson.se\/2021\/11\/M85_6971-scaled.jpg\" data-link=\"https:\/\/annasorenson.se\/?attachment_id=4213\" class=\"wp-image-4213\" srcset=\"https:\/\/media.annasorenson.se\/2021\/11\/M85_6971-683x1024.jpg 683w, https:\/\/media.annasorenson.se\/2021\/11\/M85_6971-200x300.jpg 200w, https:\/\/media.annasorenson.se\/2021\/11\/M85_6971-768x1152.jpg 768w, https:\/\/media.annasorenson.se\/2021\/11\/M85_6971-1024x1536.jpg 1024w, https:\/\/media.annasorenson.se\/2021\/11\/M85_6971-1365x2048.jpg 1365w, https:\/\/media.annasorenson.se\/2021\/11\/M85_6971-624x936.jpg 624w, https:\/\/media.annasorenson.se\/2021\/11\/M85_6971-scaled.jpg 1707w\" sizes=\"auto, (max-width: 683px) 100vw, 683px\" \/><\/a><\/figure><\/li><\/ul><\/figure>\n","protected":false},"excerpt":{"rendered":"<p>&#8221;Banana Cone&#8221;, M\u00e5lad tr\u00e4skulptur, 2019, 500 x 200 x 200 cm. Skulpturen Banana Cone \u00e4r framtagen till \u00d6rebro Open Art, en tempor\u00e4r skulptur gjord f\u00f6r att st\u00e5 ute i offentliga rummet under sommaren 2019. Tr\u00e4skulpturen \u00e4r m\u00e5lad med utomhusf\u00e4rg f\u00f6r fasader i sitt gula och bruna bananfl\u00e4ckiga m\u00f6nster. Skulpturen var placerad p\u00e5 Kr\u00e4martorget i centrala [&hellip;]<\/p>\n","protected":false},"author":1,"featured_media":0,"parent":0,"menu_order":0,"comment_status":"closed","ping_status":"closed","template":"","meta":{"footnotes":""},"class_list":["post-4223","page","type-page","status-publish","hentry"],"_links":{"self":[{"href":"https:\/\/annasorenson.se\/index.php?rest_route=\/wp\/v2\/pages\/4223","targetHints":{"allow":["GET"]}}],"collection":[{"href":"https:\/\/annasorenson.se\/index.php?rest_route=\/wp\/v2\/pages"}],"about":[{"href":"https:\/\/annasorenson.se\/index.php?rest_route=\/wp\/v2\/types\/page"}],"author":[{"embeddable":true,"href":"https:\/\/annasorenson.se\/index.php?rest_route=\/wp\/v2\/users\/1"}],"replies":[{"embeddable":true,"href":"https:\/\/annasorenson.se\/index.php?rest_route=%2Fwp%2Fv2%2Fcomments&post=4223"}],"version-history":[{"count":2,"href":"https:\/\/annasorenson.se\/index.php?rest_route=\/wp\/v2\/pages\/4223\/revisions"}],"predecessor-version":[{"id":4227,"href":"https:\/\/annasorenson.se\/index.php?rest_route=\/wp\/v2\/pages\/4223\/revisions\/4227"}],"wp:attachment":[{"href":"https:\/\/annasorenson.se\/index.php?rest_route=%2Fwp%2Fv2%2Fmedia&parent=4223"}],"curies":[{"name":"wp","href":"https:\/\/api.w.org\/{rel}","templated":true}]}}