{"id":4228,"date":"2021-11-12T10:53:44","date_gmt":"2021-11-12T10:53:44","guid":{"rendered":"https:\/\/annasorenson.se\/?page_id=4228"},"modified":"2021-11-12T10:53:44","modified_gmt":"2021-11-12T10:53:44","slug":"rainy-cloud-2019","status":"publish","type":"page","link":"https:\/\/annasorenson.se\/?page_id=4228","title":{"rendered":"Rainy Cloud, 2019"},"content":{"rendered":"\n<figure class=\"wp-block-image size-large\"><a href=\"https:\/\/media.annasorenson.se\/2021\/11\/43_AnnaSo\u2560e\u0302rensonRydh_038_Magnus-Westerborn-scaled.jpg\"><img loading=\"lazy\" decoding=\"async\" width=\"1024\" height=\"768\" src=\"https:\/\/media.annasorenson.se\/2021\/11\/43_AnnaSo\u2560e\u0302rensonRydh_038_Magnus-Westerborn-1024x768.jpg\" alt=\"\" class=\"wp-image-4229\" srcset=\"https:\/\/media.annasorenson.se\/2021\/11\/43_AnnaSo\u2560e\u0302rensonRydh_038_Magnus-Westerborn-1024x768.jpg 1024w, https:\/\/media.annasorenson.se\/2021\/11\/43_AnnaSo\u2560e\u0302rensonRydh_038_Magnus-Westerborn-300x225.jpg 300w, https:\/\/media.annasorenson.se\/2021\/11\/43_AnnaSo\u2560e\u0302rensonRydh_038_Magnus-Westerborn-768x576.jpg 768w, https:\/\/media.annasorenson.se\/2021\/11\/43_AnnaSo\u2560e\u0302rensonRydh_038_Magnus-Westerborn-1536x1152.jpg 1536w, https:\/\/media.annasorenson.se\/2021\/11\/43_AnnaSo\u2560e\u0302rensonRydh_038_Magnus-Westerborn-2048x1536.jpg 2048w, https:\/\/media.annasorenson.se\/2021\/11\/43_AnnaSo\u2560e\u0302rensonRydh_038_Magnus-Westerborn-624x468.jpg 624w\" sizes=\"auto, (max-width: 1024px) 100vw, 1024px\" \/><\/a><figcaption>&#8221;Rainy Cloud&#8221;, 2019, \u00d6rebros slotts borgg\u00e5rd. Foto: Magnus Westerbron <\/figcaption><\/figure>\n\n\n\n<p><strong>\u201cRainy Cloud\u201d<\/strong><\/p>\n\n\n\n<p><strong>Uppbl\u00e5sbar skulptur med integrerat ljus, 2019<\/strong>, <strong>300 x200 x220 cm<\/strong><\/p>\n\n\n\n<p>Rainy Cloud \u00e4r en uppbl\u00e5sbar skulptur, med integrerat ljus. Belysningen i det vita molnet kan st\u00e4llas in i flera olika f\u00e4rger. Det f\u00e4rgade ljuset ses b\u00e4st p\u00e5 natten eller vid inomhus installation. \u201dRegnet\u201d, de l\u00f6st fladdrande banden, \u00e4r guldf\u00e4rgade. Rainy Cloud \u00e4r ett verk framtaget f\u00f6r \u00d6rebro Open Art, verket h\u00e4ngde inne p\u00e5 \u00d6rebros slottsborgg\u00e5rd under utst\u00e4llningsperioden, sommaren 2019.\u00a0Verket st\u00e4lldes ut igen 2021, i utomhusutst\u00e4llningen &#8221;Kolla Konst!&#8221; i Lidk\u00f6pingskonsthall. <\/p>\n\n\n\n<figure class=\"wp-block-image size-large\"><a href=\"https:\/\/media.annasorenson.se\/2021\/11\/43_AnnaSo\u2560e\u0302rensonRydh_036_Magnus-Westerborn-scaled.jpg\"><img loading=\"lazy\" decoding=\"async\" width=\"768\" height=\"1024\" src=\"https:\/\/media.annasorenson.se\/2021\/11\/43_AnnaSo\u2560e\u0302rensonRydh_036_Magnus-Westerborn-768x1024.jpg\" alt=\"\" class=\"wp-image-4230\" srcset=\"https:\/\/media.annasorenson.se\/2021\/11\/43_AnnaSo\u2560e\u0302rensonRydh_036_Magnus-Westerborn-768x1024.jpg 768w, https:\/\/media.annasorenson.se\/2021\/11\/43_AnnaSo\u2560e\u0302rensonRydh_036_Magnus-Westerborn-225x300.jpg 225w, https:\/\/media.annasorenson.se\/2021\/11\/43_AnnaSo\u2560e\u0302rensonRydh_036_Magnus-Westerborn-1152x1536.jpg 1152w, https:\/\/media.annasorenson.se\/2021\/11\/43_AnnaSo\u2560e\u0302rensonRydh_036_Magnus-Westerborn-1536x2048.jpg 1536w, https:\/\/media.annasorenson.se\/2021\/11\/43_AnnaSo\u2560e\u0302rensonRydh_036_Magnus-Westerborn-624x832.jpg 624w, https:\/\/media.annasorenson.se\/2021\/11\/43_AnnaSo\u2560e\u0302rensonRydh_036_Magnus-Westerborn-scaled.jpg 1920w\" sizes=\"auto, (max-width: 768px) 100vw, 768px\" \/><\/a><figcaption><meta charset=\"utf-8\">&#8221;Rainy Cloud&#8221;, 2019, \u00d6rebros slotts borgg\u00e5rd. Foto: Magnus Westerbron <\/figcaption><\/figure>\n\n\n\n<figure class=\"wp-block-image size-large\"><a href=\"https:\/\/media.annasorenson.se\/2021\/11\/Kva\u0308llsbild-Rainy-Cloud-scaled.jpg\"><img loading=\"lazy\" decoding=\"async\" width=\"1024\" height=\"683\" src=\"https:\/\/media.annasorenson.se\/2021\/11\/Kva\u0308llsbild-Rainy-Cloud-1024x683.jpg\" alt=\"\" class=\"wp-image-4212\" srcset=\"https:\/\/media.annasorenson.se\/2021\/11\/Kva\u0308llsbild-Rainy-Cloud-1024x683.jpg 1024w, https:\/\/media.annasorenson.se\/2021\/11\/Kva\u0308llsbild-Rainy-Cloud-300x200.jpg 300w, https:\/\/media.annasorenson.se\/2021\/11\/Kva\u0308llsbild-Rainy-Cloud-768x512.jpg 768w, https:\/\/media.annasorenson.se\/2021\/11\/Kva\u0308llsbild-Rainy-Cloud-1536x1024.jpg 1536w, https:\/\/media.annasorenson.se\/2021\/11\/Kva\u0308llsbild-Rainy-Cloud-2048x1365.jpg 2048w, https:\/\/media.annasorenson.se\/2021\/11\/Kva\u0308llsbild-Rainy-Cloud-624x416.jpg 624w\" sizes=\"auto, (max-width: 1024px) 100vw, 1024px\" \/><\/a><figcaption><em>Kv\u00e4llsbild av \u201dRainy Cloud\u201d, 2021, Lidk\u00f6ping. Foto: Martin Frick<\/em><\/figcaption><\/figure>\n\n\n\n<p><\/p>\n","protected":false},"excerpt":{"rendered":"<p>\u201cRainy Cloud\u201d Uppbl\u00e5sbar skulptur med integrerat ljus, 2019, 300 x200 x220 cm Rainy Cloud \u00e4r en uppbl\u00e5sbar skulptur, med integrerat ljus. Belysningen i det vita molnet kan st\u00e4llas in i flera olika f\u00e4rger. Det f\u00e4rgade ljuset ses b\u00e4st p\u00e5 natten eller vid inomhus installation. \u201dRegnet\u201d, de l\u00f6st fladdrande banden, \u00e4r guldf\u00e4rgade. Rainy Cloud \u00e4r ett [&hellip;]<\/p>\n","protected":false},"author":1,"featured_media":0,"parent":0,"menu_order":0,"comment_status":"closed","ping_status":"closed","template":"","meta":{"footnotes":""},"class_list":["post-4228","page","type-page","status-publish","hentry"],"_links":{"self":[{"href":"https:\/\/annasorenson.se\/index.php?rest_route=\/wp\/v2\/pages\/4228","targetHints":{"allow":["GET"]}}],"collection":[{"href":"https:\/\/annasorenson.se\/index.php?rest_route=\/wp\/v2\/pages"}],"about":[{"href":"https:\/\/annasorenson.se\/index.php?rest_route=\/wp\/v2\/types\/page"}],"author":[{"embeddable":true,"href":"https:\/\/annasorenson.se\/index.php?rest_route=\/wp\/v2\/users\/1"}],"replies":[{"embeddable":true,"href":"https:\/\/annasorenson.se\/index.php?rest_route=%2Fwp%2Fv2%2Fcomments&post=4228"}],"version-history":[{"count":1,"href":"https:\/\/annasorenson.se\/index.php?rest_route=\/wp\/v2\/pages\/4228\/revisions"}],"predecessor-version":[{"id":4232,"href":"https:\/\/annasorenson.se\/index.php?rest_route=\/wp\/v2\/pages\/4228\/revisions\/4232"}],"wp:attachment":[{"href":"https:\/\/annasorenson.se\/index.php?rest_route=%2Fwp%2Fv2%2Fmedia&parent=4228"}],"curies":[{"name":"wp","href":"https:\/\/api.w.org\/{rel}","templated":true}]}}