{"id":4240,"date":"2021-11-12T11:02:33","date_gmt":"2021-11-12T11:02:33","guid":{"rendered":"https:\/\/annasorenson.se\/?page_id=4240"},"modified":"2021-11-12T11:02:33","modified_gmt":"2021-11-12T11:02:33","slug":"lingonlyktorna-2020","status":"publish","type":"page","link":"https:\/\/annasorenson.se\/?page_id=4240","title":{"rendered":"Lingonlyktorna, 2020"},"content":{"rendered":"\n<figure class=\"wp-block-image size-full\"><a href=\"https:\/\/media.annasorenson.se\/2021\/02\/IMG_9527.jpg\"><img loading=\"lazy\" decoding=\"async\" width=\"800\" height=\"533\" src=\"https:\/\/media.annasorenson.se\/2021\/02\/IMG_9527.jpg\" alt=\"\" class=\"wp-image-4201\" srcset=\"https:\/\/media.annasorenson.se\/2021\/02\/IMG_9527.jpg 800w, https:\/\/media.annasorenson.se\/2021\/02\/IMG_9527-300x200.jpg 300w, https:\/\/media.annasorenson.se\/2021\/02\/IMG_9527-768x512.jpg 768w, https:\/\/media.annasorenson.se\/2021\/02\/IMG_9527-624x416.jpg 624w\" sizes=\"auto, (max-width: 800px) 100vw, 800px\" \/><\/a><figcaption>Lingonlyktorna, 2020, Sundbyberg. Foto: Daniel Rydh<\/figcaption><\/figure>\n\n\n\n<p><strong>\u201dLingonlyktorna\u201d, 2020.<\/strong><\/p>\n\n\n\n<p><strong>Skulptur i rostfritt sta\u030al, plast samt LED ljus.<\/strong><\/p>\n\n\n\n<p><strong>F\u00f6rskolan Backen, Kasernva\u0308gen 7, Sundbyberg.<\/strong><\/p>\n\n\n\n<p>Till f\u00f6rskolan Backen har jag formgett tva\u030a entr\u00e9skulpturer som ser ut som tv\u00e5 stora lingonris med lysande r\u00f6da lingonklasar. Lingonrisets stj\u00e4lk och blad \u00e4r tillverkade i rostfritt st\u00e5l och i toppen av skulpturerna finns en klase \u201dlingon\u201d, lingonformar gjutna i r\u00f6d plast som lyser. Tillsammans bildar lingonrisen en portalform, ca 3 meter h\u00f6g, som markerar entr\u00e9n till f\u00f6rskolan.<\/p>\n\n\n\n<p>Id\u00e9n till \u201dLysande Lingon\u201d kommer fr\u00e5n Rissnes gamla omra\u030adesnamn, Riso\u0308, en o\u0308 av ris. Lingonriset a\u0308r ett av v\u00e5ra festligaste ris och har m\u00e5nga positiva egenskaper; de \u00e4r starka och klarar sig i h\u00e5rda klimat samt beh\u00e5ller sin vackra gr\u00f6nska \u00e5ret om. De \u00e4r ocksa\u00e5 anspr\u00e5ksl\u00f6sa, gulliga och b\u00e4ren \u00e4r goda att sylta och safta. Lingon \u00e4r rika p\u00e5 C-vitamin och har historiskt varit ett viktigt n\u00e4rings\u00e4mne i Sverige. Eftersom f\u00f6rskolan Backen har en pedagogik som ger barnen m\u00f6jlighet att f\u00e5 l\u00e4ra och uppt\u00e4cka i naturen vill jag skapa skulpturer som kan inspirera barnen till att vilja l\u00e4ra sig mer om natur och kulturhistoria.<\/p>\n\n\n\n<figure class=\"wp-block-image size-full\"><a href=\"https:\/\/media.annasorenson.se\/2021\/02\/IMG_9526.jpg\"><img loading=\"lazy\" decoding=\"async\" width=\"800\" height=\"533\" src=\"https:\/\/media.annasorenson.se\/2021\/02\/IMG_9526.jpg\" alt=\"\" class=\"wp-image-4200\" srcset=\"https:\/\/media.annasorenson.se\/2021\/02\/IMG_9526.jpg 800w, https:\/\/media.annasorenson.se\/2021\/02\/IMG_9526-300x200.jpg 300w, https:\/\/media.annasorenson.se\/2021\/02\/IMG_9526-768x512.jpg 768w, https:\/\/media.annasorenson.se\/2021\/02\/IMG_9526-624x416.jpg 624w\" sizes=\"auto, (max-width: 800px) 100vw, 800px\" \/><\/a><figcaption><meta charset=\"utf-8\">Lingonlyktorna, 2020, Sundbyberg. Foto: Daniel Rydh<\/figcaption><\/figure>\n\n\n\n<figure class=\"wp-block-image size-full\"><a href=\"https:\/\/media.annasorenson.se\/2021\/11\/IMG_9542.jpg\"><img loading=\"lazy\" decoding=\"async\" width=\"800\" height=\"533\" src=\"https:\/\/media.annasorenson.se\/2021\/11\/IMG_9542.jpg\" alt=\"\" class=\"wp-image-4242\" srcset=\"https:\/\/media.annasorenson.se\/2021\/11\/IMG_9542.jpg 800w, https:\/\/media.annasorenson.se\/2021\/11\/IMG_9542-300x200.jpg 300w, https:\/\/media.annasorenson.se\/2021\/11\/IMG_9542-768x512.jpg 768w, https:\/\/media.annasorenson.se\/2021\/11\/IMG_9542-624x416.jpg 624w\" sizes=\"auto, (max-width: 800px) 100vw, 800px\" \/><\/a><figcaption><meta charset=\"utf-8\">Lingonlyktorna, 2020, Sundbyberg. Foto: Daniel Rydh<\/figcaption><\/figure>\n\n\n\n<figure class=\"wp-block-image size-full\"><a href=\"https:\/\/media.annasorenson.se\/2021\/11\/IMG_9559.jpg\"><img loading=\"lazy\" decoding=\"async\" width=\"800\" height=\"533\" src=\"https:\/\/media.annasorenson.se\/2021\/11\/IMG_9559.jpg\" alt=\"\" class=\"wp-image-4243\" srcset=\"https:\/\/media.annasorenson.se\/2021\/11\/IMG_9559.jpg 800w, https:\/\/media.annasorenson.se\/2021\/11\/IMG_9559-300x200.jpg 300w, https:\/\/media.annasorenson.se\/2021\/11\/IMG_9559-768x512.jpg 768w, https:\/\/media.annasorenson.se\/2021\/11\/IMG_9559-624x416.jpg 624w\" sizes=\"auto, (max-width: 800px) 100vw, 800px\" \/><\/a><figcaption><meta charset=\"utf-8\">Lingonlyktorna, 2020, Sundbyberg. Foto: Daniel Rydh<\/figcaption><\/figure>\n\n\n\n<figure class=\"wp-block-image size-full\"><a href=\"https:\/\/media.annasorenson.se\/2021\/11\/IMG_9511.jpg\"><img loading=\"lazy\" decoding=\"async\" width=\"800\" height=\"533\" src=\"https:\/\/media.annasorenson.se\/2021\/11\/IMG_9511.jpg\" alt=\"\" class=\"wp-image-4244\" srcset=\"https:\/\/media.annasorenson.se\/2021\/11\/IMG_9511.jpg 800w, https:\/\/media.annasorenson.se\/2021\/11\/IMG_9511-300x200.jpg 300w, https:\/\/media.annasorenson.se\/2021\/11\/IMG_9511-768x512.jpg 768w, https:\/\/media.annasorenson.se\/2021\/11\/IMG_9511-624x416.jpg 624w\" sizes=\"auto, (max-width: 800px) 100vw, 800px\" \/><\/a><figcaption><meta charset=\"utf-8\">Lingonlyktorna, 2020, Sundbyberg. Foto: Daniel Rydh<\/figcaption><\/figure>\n","protected":false},"excerpt":{"rendered":"<p>\u201dLingonlyktorna\u201d, 2020. Skulptur i rostfritt sta\u030al, plast samt LED ljus. F\u00f6rskolan Backen, Kasernva\u0308gen 7, Sundbyberg. Till f\u00f6rskolan Backen har jag formgett tva\u030a entr\u00e9skulpturer som ser ut som tv\u00e5 stora lingonris med lysande r\u00f6da lingonklasar. Lingonrisets stj\u00e4lk och blad \u00e4r tillverkade i rostfritt st\u00e5l och i toppen av skulpturerna finns en klase \u201dlingon\u201d, lingonformar gjutna i [&hellip;]<\/p>\n","protected":false},"author":1,"featured_media":0,"parent":0,"menu_order":0,"comment_status":"closed","ping_status":"closed","template":"","meta":{"footnotes":""},"class_list":["post-4240","page","type-page","status-publish","hentry"],"_links":{"self":[{"href":"https:\/\/annasorenson.se\/index.php?rest_route=\/wp\/v2\/pages\/4240","targetHints":{"allow":["GET"]}}],"collection":[{"href":"https:\/\/annasorenson.se\/index.php?rest_route=\/wp\/v2\/pages"}],"about":[{"href":"https:\/\/annasorenson.se\/index.php?rest_route=\/wp\/v2\/types\/page"}],"author":[{"embeddable":true,"href":"https:\/\/annasorenson.se\/index.php?rest_route=\/wp\/v2\/users\/1"}],"replies":[{"embeddable":true,"href":"https:\/\/annasorenson.se\/index.php?rest_route=%2Fwp%2Fv2%2Fcomments&post=4240"}],"version-history":[{"count":2,"href":"https:\/\/annasorenson.se\/index.php?rest_route=\/wp\/v2\/pages\/4240\/revisions"}],"predecessor-version":[{"id":4245,"href":"https:\/\/annasorenson.se\/index.php?rest_route=\/wp\/v2\/pages\/4240\/revisions\/4245"}],"wp:attachment":[{"href":"https:\/\/annasorenson.se\/index.php?rest_route=%2Fwp%2Fv2%2Fmedia&parent=4240"}],"curies":[{"name":"wp","href":"https:\/\/api.w.org\/{rel}","templated":true}]}}