{"id":4521,"date":"2024-12-03T11:44:27","date_gmt":"2024-12-03T11:44:27","guid":{"rendered":"https:\/\/annasorenson.se\/?page_id=4521"},"modified":"2024-12-03T12:01:24","modified_gmt":"2024-12-03T12:01:24","slug":"muralmalning-hudikvallssjukhus","status":"publish","type":"page","link":"https:\/\/annasorenson.se\/?page_id=4521","title":{"rendered":"Muralm\u00e5lning i Hudikvalls sjukhus, 2024"},"content":{"rendered":"\n<figure class=\"wp-block-image size-large\"><a href=\"https:\/\/media.annasorenson.se\/2024\/12\/1444057_HQ_sRGB_fixad-scaled.jpg\"><img loading=\"lazy\" decoding=\"async\" width=\"1024\" height=\"683\" src=\"https:\/\/media.annasorenson.se\/2024\/12\/1444057_HQ_sRGB_fixad-1024x683.jpg\" alt=\"\" class=\"wp-image-4522\" srcset=\"https:\/\/media.annasorenson.se\/2024\/12\/1444057_HQ_sRGB_fixad-1024x683.jpg 1024w, https:\/\/media.annasorenson.se\/2024\/12\/1444057_HQ_sRGB_fixad-300x200.jpg 300w, https:\/\/media.annasorenson.se\/2024\/12\/1444057_HQ_sRGB_fixad-768x512.jpg 768w, https:\/\/media.annasorenson.se\/2024\/12\/1444057_HQ_sRGB_fixad-1536x1025.jpg 1536w, https:\/\/media.annasorenson.se\/2024\/12\/1444057_HQ_sRGB_fixad-2048x1367.jpg 2048w\" sizes=\"auto, (max-width: 1024px) 100vw, 1024px\" \/><\/a><figcaption class=\"wp-element-caption\">Foto: Michael Tebinka<\/figcaption><\/figure>\n\n\n\n<p><strong>\u201d<\/strong><strong>En v\u00e4gg om skymning och gryning<\/strong><strong>\u201d<\/strong><strong><\/strong><\/p>\n\n\n\n<p><strong>360 x 170 cm, bivaxlasyr och akryl p\u00e5 betong, Hudiksvalls sjukhus, 2024<\/strong><\/p>\n\n\n\n<p>2024 skapade jag en konstn\u00e4rlig gestaltning i den nybyggda kulverten, Kulvert B, p\u00e5 Hudiksvalls sjukhus, i samband med Framtidsbygget Hudiksvall. Den 36 meter l\u00e5nga v\u00e4ggm\u00e5lningen har en rosa fond m\u00e5lad i tunna lager av bivaxlasyr p\u00e5 lasyrpreparerad betong. Figurerna p\u00e5 v\u00e4ggen \u00e4r m\u00e5lade i akrylf\u00e4rger, uppradade likt skulpturer p\u00e5 en utst\u00e4llning, eller f\u00e4rgade skuggor i ett skuggspel.<\/p>\n\n\n\n<p>Att f\u00e4rdas genom ett sjukhus kan vara b\u00e5de monotont, f\u00f6rvirrande, skr\u00e4mmande och ovisst. Jag ville skapa en v\u00e4gg man inte skulle gl\u00f6mma att man passerat, som tydligt markerade sin plats. Tanken \u00e4r ocks\u00e5 att de abstrakta figurerna p\u00e5 v\u00e4ggen b\u00e5de ska fungera dekorativt i meningen att de ska vara varma, vackra och roliga b\u00e5de f\u00f6r sm\u00e5 och stora betraktare.<\/p>\n\n\n\n<p>V\u00e4ggm\u00e5lningen \u00e4r 36 meter l\u00e5ng och ca 170 cm h\u00f6g och ligger strax bakom huvudentr\u00e9n. L\u00e4s mer om verket p\u00e5 <a href=\"https:\/\/www.regiongavleborg.se\/kultur\/verksamhet\/konst\/offentlig-konst\/konst-i-byggprojekt\/pagaende-uppdrag\/avslutade-uppdrag\/anna-sorenson-rydh-framtidsbygget-hudiksvall\/\" data-type=\"link\" data-id=\"https:\/\/www.regiongavleborg.se\/kultur\/verksamhet\/konst\/offentlig-konst\/konst-i-byggprojekt\/pagaende-uppdrag\/avslutade-uppdrag\/anna-sorenson-rydh-framtidsbygget-hudiksvall\/\">Region G\u00e4vleborgshemsida.<\/a><\/p>\n\n\n\n<figure class=\"wp-block-image size-large\"><a href=\"https:\/\/media.annasorenson.se\/2024\/12\/1444179_HQ_sRGB_fixad-scaled.jpg\"><img loading=\"lazy\" decoding=\"async\" width=\"1024\" height=\"683\" src=\"https:\/\/media.annasorenson.se\/2024\/12\/1444179_HQ_sRGB_fixad-1024x683.jpg\" alt=\"\" class=\"wp-image-4527\" srcset=\"https:\/\/media.annasorenson.se\/2024\/12\/1444179_HQ_sRGB_fixad-1024x683.jpg 1024w, https:\/\/media.annasorenson.se\/2024\/12\/1444179_HQ_sRGB_fixad-300x200.jpg 300w, https:\/\/media.annasorenson.se\/2024\/12\/1444179_HQ_sRGB_fixad-768x512.jpg 768w, https:\/\/media.annasorenson.se\/2024\/12\/1444179_HQ_sRGB_fixad-1536x1025.jpg 1536w, https:\/\/media.annasorenson.se\/2024\/12\/1444179_HQ_sRGB_fixad-2048x1367.jpg 2048w\" sizes=\"auto, (max-width: 1024px) 100vw, 1024px\" \/><\/a><\/figure>\n\n\n\n<figure class=\"wp-block-image size-large\"><a href=\"https:\/\/media.annasorenson.se\/2024\/12\/1444165_HQ_sRGB_fixad_2-scaled.jpg\"><img loading=\"lazy\" decoding=\"async\" width=\"1024\" height=\"683\" src=\"https:\/\/media.annasorenson.se\/2024\/12\/1444165_HQ_sRGB_fixad_2-1024x683.jpg\" alt=\"\" class=\"wp-image-4524\" srcset=\"https:\/\/media.annasorenson.se\/2024\/12\/1444165_HQ_sRGB_fixad_2-1024x683.jpg 1024w, https:\/\/media.annasorenson.se\/2024\/12\/1444165_HQ_sRGB_fixad_2-300x200.jpg 300w, https:\/\/media.annasorenson.se\/2024\/12\/1444165_HQ_sRGB_fixad_2-768x512.jpg 768w, https:\/\/media.annasorenson.se\/2024\/12\/1444165_HQ_sRGB_fixad_2-1536x1025.jpg 1536w, https:\/\/media.annasorenson.se\/2024\/12\/1444165_HQ_sRGB_fixad_2-2048x1367.jpg 2048w\" sizes=\"auto, (max-width: 1024px) 100vw, 1024px\" \/><\/a><\/figure>\n\n\n\n<figure class=\"wp-block-image size-large\"><a href=\"https:\/\/media.annasorenson.se\/2024\/12\/1444072_HQ_sRGB_fixad-scaled.jpg\"><img loading=\"lazy\" decoding=\"async\" width=\"1024\" height=\"683\" src=\"https:\/\/media.annasorenson.se\/2024\/12\/1444072_HQ_sRGB_fixad-1024x683.jpg\" alt=\"\" class=\"wp-image-4523\" srcset=\"https:\/\/media.annasorenson.se\/2024\/12\/1444072_HQ_sRGB_fixad-1024x683.jpg 1024w, https:\/\/media.annasorenson.se\/2024\/12\/1444072_HQ_sRGB_fixad-300x200.jpg 300w, https:\/\/media.annasorenson.se\/2024\/12\/1444072_HQ_sRGB_fixad-768x512.jpg 768w, https:\/\/media.annasorenson.se\/2024\/12\/1444072_HQ_sRGB_fixad-1536x1025.jpg 1536w, https:\/\/media.annasorenson.se\/2024\/12\/1444072_HQ_sRGB_fixad-2048x1367.jpg 2048w\" sizes=\"auto, (max-width: 1024px) 100vw, 1024px\" \/><\/a><\/figure>\n\n\n\n<figure class=\"wp-block-image size-large\"><a href=\"https:\/\/media.annasorenson.se\/2024\/12\/1444168_HQ_sRGB_fix-scaled.jpg\"><img loading=\"lazy\" decoding=\"async\" width=\"1024\" height=\"683\" src=\"https:\/\/media.annasorenson.se\/2024\/12\/1444168_HQ_sRGB_fix-1024x683.jpg\" alt=\"\" class=\"wp-image-4526\" srcset=\"https:\/\/media.annasorenson.se\/2024\/12\/1444168_HQ_sRGB_fix-1024x683.jpg 1024w, https:\/\/media.annasorenson.se\/2024\/12\/1444168_HQ_sRGB_fix-300x200.jpg 300w, https:\/\/media.annasorenson.se\/2024\/12\/1444168_HQ_sRGB_fix-768x512.jpg 768w, https:\/\/media.annasorenson.se\/2024\/12\/1444168_HQ_sRGB_fix-1536x1025.jpg 1536w, https:\/\/media.annasorenson.se\/2024\/12\/1444168_HQ_sRGB_fix-2048x1367.jpg 2048w\" sizes=\"auto, (max-width: 1024px) 100vw, 1024px\" \/><\/a><\/figure>\n\n\n\n<figure class=\"wp-block-image size-large\"><a href=\"https:\/\/media.annasorenson.se\/2024\/12\/1444204_HQ_sRGB_fix-scaled.jpg\"><img loading=\"lazy\" decoding=\"async\" width=\"1024\" height=\"683\" src=\"https:\/\/media.annasorenson.se\/2024\/12\/1444204_HQ_sRGB_fix-1024x683.jpg\" alt=\"\" class=\"wp-image-4529\" srcset=\"https:\/\/media.annasorenson.se\/2024\/12\/1444204_HQ_sRGB_fix-1024x683.jpg 1024w, https:\/\/media.annasorenson.se\/2024\/12\/1444204_HQ_sRGB_fix-300x200.jpg 300w, https:\/\/media.annasorenson.se\/2024\/12\/1444204_HQ_sRGB_fix-768x512.jpg 768w, https:\/\/media.annasorenson.se\/2024\/12\/1444204_HQ_sRGB_fix-1536x1025.jpg 1536w, https:\/\/media.annasorenson.se\/2024\/12\/1444204_HQ_sRGB_fix-2048x1367.jpg 2048w\" sizes=\"auto, (max-width: 1024px) 100vw, 1024px\" \/><\/a><\/figure>\n\n\n\n<figure class=\"wp-block-image size-large\"><a href=\"https:\/\/media.annasorenson.se\/2024\/12\/1444190_HQ_sRGB_fix-scaled.jpg\"><img loading=\"lazy\" decoding=\"async\" width=\"683\" height=\"1024\" src=\"https:\/\/media.annasorenson.se\/2024\/12\/1444190_HQ_sRGB_fix-683x1024.jpg\" alt=\"\" class=\"wp-image-4528\" srcset=\"https:\/\/media.annasorenson.se\/2024\/12\/1444190_HQ_sRGB_fix-683x1024.jpg 683w, https:\/\/media.annasorenson.se\/2024\/12\/1444190_HQ_sRGB_fix-200x300.jpg 200w, https:\/\/media.annasorenson.se\/2024\/12\/1444190_HQ_sRGB_fix-768x1151.jpg 768w, https:\/\/media.annasorenson.se\/2024\/12\/1444190_HQ_sRGB_fix-1025x1536.jpg 1025w, https:\/\/media.annasorenson.se\/2024\/12\/1444190_HQ_sRGB_fix-1367x2048.jpg 1367w, https:\/\/media.annasorenson.se\/2024\/12\/1444190_HQ_sRGB_fix-scaled.jpg 1708w\" sizes=\"auto, (max-width: 683px) 100vw, 683px\" \/><\/a><figcaption class=\"wp-element-caption\">Alla bilder \u00e4r tagna av Michael Tebinka.<\/figcaption><\/figure>\n\n\n\n<p><\/p>\n","protected":false},"excerpt":{"rendered":"<p>\u201dEn v\u00e4gg om skymning och gryning\u201d 360 x 170 cm, bivaxlasyr och akryl p\u00e5 betong, Hudiksvalls sjukhus, 2024 2024 skapade jag en konstn\u00e4rlig gestaltning i den nybyggda kulverten, Kulvert B, p\u00e5 Hudiksvalls sjukhus, i samband med Framtidsbygget Hudiksvall. Den 36 meter l\u00e5nga v\u00e4ggm\u00e5lningen har en rosa fond m\u00e5lad i tunna lager av bivaxlasyr p\u00e5 lasyrpreparerad [&hellip;]<\/p>\n","protected":false},"author":1,"featured_media":0,"parent":4218,"menu_order":0,"comment_status":"closed","ping_status":"closed","template":"","meta":{"footnotes":""},"class_list":["post-4521","page","type-page","status-publish","hentry"],"_links":{"self":[{"href":"https:\/\/annasorenson.se\/index.php?rest_route=\/wp\/v2\/pages\/4521","targetHints":{"allow":["GET"]}}],"collection":[{"href":"https:\/\/annasorenson.se\/index.php?rest_route=\/wp\/v2\/pages"}],"about":[{"href":"https:\/\/annasorenson.se\/index.php?rest_route=\/wp\/v2\/types\/page"}],"author":[{"embeddable":true,"href":"https:\/\/annasorenson.se\/index.php?rest_route=\/wp\/v2\/users\/1"}],"replies":[{"embeddable":true,"href":"https:\/\/annasorenson.se\/index.php?rest_route=%2Fwp%2Fv2%2Fcomments&post=4521"}],"version-history":[{"count":4,"href":"https:\/\/annasorenson.se\/index.php?rest_route=\/wp\/v2\/pages\/4521\/revisions"}],"predecessor-version":[{"id":4537,"href":"https:\/\/annasorenson.se\/index.php?rest_route=\/wp\/v2\/pages\/4521\/revisions\/4537"}],"up":[{"embeddable":true,"href":"https:\/\/annasorenson.se\/index.php?rest_route=\/wp\/v2\/pages\/4218"}],"wp:attachment":[{"href":"https:\/\/annasorenson.se\/index.php?rest_route=%2Fwp%2Fv2%2Fmedia&parent=4521"}],"curies":[{"name":"wp","href":"https:\/\/api.w.org\/{rel}","templated":true}]}}